{"id":818,"date":"2015-10-16T11:21:19","date_gmt":"2015-10-16T11:21:19","guid":{"rendered":"https:\/\/sportaspeles.com\/majas-lapa\/"},"modified":"2015-10-16T11:21:19","modified_gmt":"2015-10-16T11:21:19","slug":"majas-lapa","status":"publish","type":"page","link":"https:\/\/sportaspeles.com\/et\/","title":{"rendered":"M\u0101jas lapa"},"content":{"rendered":"<p>[vc_row][vc_column]<aside class=\"gap cf\" style=\"height:30px;\"><\/aside>\t\t<div class=\"slick grid bot-nav style3 standard-style\" data-columns=\"1\" data-navigation=\"true\" data-pagination=\"true\" data-autoplay=\"false\">\n\t\t\t          <div class=\"row \"><div class=\"small-12 columns\"><div class=\"row\">      <div class=\"small-12 medium-12 large-8 columns\"><div class=\"post post-overlay top-gradient block-4 block-style3 large-padding top-title post-828 type-post status-publish format-standard hentry category-e-sport-et\">\n\t<figure class=\"post-gallery\">\n\t\t<a href=\"https:\/\/sportaspeles.com\/et\/csgo-kihlvedude-pohitoed\/\" rel=\"bookmark\" title=\"CS:GO kihlvedude p\u00f5hit\u00f5ed\">\n\t\t\t\t\t\t\t\t<\/a>\n\n\t\t<header class=\"post-title entry-header\">\n\t\t\t\t\t\t<div class=\"post-category\"><a href=\"https:\/\/sportaspeles.com\/et\/category\/e-sport-et\/\" class=\"single_category_title boxed-link category-boxed-link-414\" title=\"E-Sport\">E-Sport<\/a><\/div>\n\t\t\t<h4 class=\"entry-title\" itemprop=\"name headline\"><a href=\"https:\/\/sportaspeles.com\/et\/csgo-kihlvedude-pohitoed\/\" title=\"CS:GO kihlvedude p\u00f5hit\u00f5ed\">CS:GO kihlvedude p\u00f5hit\u00f5ed<\/a><\/h4>\t\t\t\t<aside class=\"post-bottom-meta\">\n\t\t\t\t\t\t\t\t<div class=\"time\">mai 12, 2021<\/div>\n\t\t\t\t\t\t\t\t<\/aside>\n\t\t\t\t\t\t\t\t\t\t\t\t<\/header>\n\n\t<\/figure>\n<\/div><\/div>          \t    \t    \t                            <div class=\"small-12 medium-12 large-4 columns\"><\/div>    \t<\/div><div class=\"row\">    \t    \t                                \t    \t<div class=\"small-12 medium-12 large-4 columns\"><\/div>    \t                                \t    \t<div class=\"small-12 medium-12 large-4 columns\"><\/div>    \t                                \t    \t<div class=\"small-12 medium-12 large-4 columns\"><\/div>    \t<\/div><\/div><\/div>                <div class=\"row \"><div class=\"small-12 columns\"><div class=\"row\">      <div class=\"small-12 medium-12 large-8 columns\"><\/div>          \t    \t    \t                            <div class=\"small-12 medium-12 large-4 columns\"><\/div>    \t<\/div><div class=\"row\">    \t    \t                                \t    \t<div class=\"small-12 medium-12 large-4 columns\"><\/div>    \t                                \t    \t<div class=\"small-12 medium-12 large-4 columns\"><\/div>    \t                                \t    \t<div class=\"small-12 medium-12 large-4 columns\"><\/div>    \t<\/div><\/div><\/div>      \t\t<\/div>\n  [vc_column_text]<\/p>\n<hr \/>\n<p>[\/vc_column_text]<aside class=\"gap cf\" style=\"height:40px;\"><\/aside>[\/vc_column][\/vc_row][vc_row equal_height=&#8221;true&#8221;][vc_column width=&#8221;2\/3&#8243;][vc_row_inner][vc_column_inner width=&#8221;1\/2&#8243;]\t<a class=\"btn accent-transparent style1  full \" href=\"https:\/\/sportaspeles.com\/kategorija\/futbols\/\" target=\"_self\" role=\"button\">Skat\u012bt viss par Futbolu<\/a>\n  <aside class=\"gap cf\" style=\"height:40px;\"><\/aside>[\/vc_column_inner][vc_column_inner width=&#8221;1\/2&#8243;]\t<a class=\"btn accent-transparent style1  full \" href=\"https:\/\/sportaspeles.com\/kategorija\/bokss-ufc\/\" target=\"_self\" role=\"button\">Skat\u012bt visu par C\u012b\u0146am<\/a>\n  <aside class=\"gap cf\" style=\"height:40px;\"><\/aside>[\/vc_column_inner][\/vc_row_inner]<aside class=\"gap cf\" style=\"height:40px;\"><\/aside>[\/vc_column][vc_column width=&#8221;1\/3&#8243; fixed=&#8221;true&#8221;][\/vc_column][\/vc_row][vc_row][vc_column][vc_column_text]<\/p>\n<h4 style=\"text-align: center;\">Popul\u0101r\u0101kais<\/h4>\n<p>[\/vc_column_text]<aside class=\"gap cf\" style=\"height:30px;\"><\/aside>\t\t<div class=\"slick row grid light post-carousel-style1  \" data-columns=\"3\" data-pagination=\"false\" data-navigation=\"true\" data-center=\"false\">\n\t\t\t\t\t\t\t<div class=\"columns\">\n\t\t\t\t\t<div class=\"post post-overlay widget-overlay large-padding center-title post-828 type-post status-publish format-standard hentry category-e-sport-et\">\n\t<figure class=\"post-gallery\">\n\t\t<a href=\"https:\/\/sportaspeles.com\/et\/csgo-kihlvedude-pohitoed\/\" rel=\"bookmark\" title=\"CS:GO kihlvedude p\u00f5hit\u00f5ed\">\n\t\t\t\t\t\t\t\t<\/a>\n\n\t\t<header class=\"post-title entry-header\">\n\t\t\t\t\t\t<div class=\"post-category\"><a href=\"https:\/\/sportaspeles.com\/et\/category\/e-sport-et\/\" class=\"single_category_title boxed-link category-boxed-link-414\" title=\"E-Sport\">E-Sport<\/a><\/div>\n\t\t\t<h4 class=\"entry-title\" itemprop=\"name headline\"><a href=\"https:\/\/sportaspeles.com\/et\/csgo-kihlvedude-pohitoed\/\" title=\"CS:GO kihlvedude p\u00f5hit\u00f5ed\">CS:GO kihlvedude p\u00f5hit\u00f5ed<\/a><\/h4>\t\t\t\t<aside class=\"post-bottom-meta\">\n\t\t\t\t\t\t\t\t<div class=\"time\">mai 12, 2021<\/div>\n\t\t\t\t\t\t\t\t<\/aside>\n\t\t\t\t\t\t\t\t\t\t\t\t<\/header>\n\n\t<\/figure>\n<\/div>\t\t\t\t<\/div>\n\t\t\t\t\t<\/div>\n\t<aside class=\"gap cf\" style=\"height:50px;\"><\/aside>[\/vc_column][\/vc_row][vc_row equal_height=&#8221;true&#8221;][vc_column width=&#8221;2\/3&#8243;]<aside class=\"gap cf\" style=\"height:30px;\"><\/aside>\t<aside class=\"category_title no-border style1 \" id=\"thb-title-6a032b7edae5b\">\n\t  <h4>Vair\u0101k Zi\u0146u<\/h4>\n\t<\/aside>\n\t  \t\t<div class=\"row posts endcolumn post-grid-style1 pagination-style1 ajaxify-pagination\" data-loadmore=\"#loadmore-31\" data-rand=\"31\" data-security=\"08fecfe419\">\n\t\t\t\n\t\t\t\t\t\t\t\t\t<div class=\"small-12 columns\">\n\t\t\t\t\t\t<div class=\"post style2 post-828 type-post status-publish format-standard hentry category-e-sport-et\">\n\t<div class=\"row\">\n\t\t<div class=\"small-12 medium-4 columns\">\n\t\t\t\t\t<\/div>\n\t\t<div class=\"small-12 medium-8 columns\">\n\t\t\t<div class=\"post-category\"><a href=\"https:\/\/sportaspeles.com\/et\/category\/e-sport-et\/\" class=\"single_category_title category-link-414\" title=\"E-Sport\">E-Sport<\/a><\/div>\n\t\t\t<header class=\"post-title entry-header\">\n\t\t\t\t<h5 class=\"entry-title\" itemprop=\"name headline\"><a href=\"https:\/\/sportaspeles.com\/et\/csgo-kihlvedude-pohitoed\/\" title=\"CS:GO kihlvedude p\u00f5hit\u00f5ed\">CS:GO kihlvedude p\u00f5hit\u00f5ed<\/a><\/h5>\t\t\t<\/header>\n\t\t\t\t<aside class=\"post-bottom-meta\">\n\t\t\t\t\t\t\t\t<div class=\"time\">mai 12, 2021<\/div>\n\t\t\t\t\t\t\t<span class=\"comment\">\n\t\t\t\t<a href=\"https:\/\/sportaspeles.com\/et\/csgo-kihlvedude-pohitoed\/#respond\" title=\"CS:GO kihlvedude p\u00f5hit\u00f5ed\">\n\t\t\t\t\t<svg class=\"comment_icon\" width=\"13px\" height=\"13px\" viewBox=\"0 0 13 13\"><use href=\"#comment_icon\" \/><\/svg> 0\t\t\t\t<\/a>\n\t\t\t<\/span>\n\t\t\t\t\t\t\t<\/aside>\n\t\t\t\t<div class=\"post-content entry-content small\">\n\t\t\t\t<p>CS:GO kihlvedude p\u00f5hit\u00f5ed &nbsp; Counter-Strike: Global Offensive ehk CS:GO on esimese isiku tulistamism\u00e4ng, mida m\u00e4ngitakse meeskondades. Panustamine on siin sarnane tavalise spordiennustusm\u00e4nguga. M\u00e4ngus on kaks meeskonda ja sa saad panustada erinevatele tulemustele &#8211; n\u00e4iteks sellele, milline meeskond v\u00f5idab, milline meeskond&hellip;<\/p>\n\t\t\t<\/div>\n\t\t<\/div>\n\t<\/div>\n<\/div>\t\t\t\t\t<\/div>\n\t\t\t\t\t\t\t\t\t\t\t\t\t\t\t\t<div class=\"small-12 columns\">\n\t\t\t\t\t\t\t\t\t\t\t\t\t<\/div>\n\t\t\t\t\t\t\t\t<\/div>\n\n\t[\/vc_column][vc_column width=&#8221;1\/3&#8243; fixed=&#8221;true&#8221; el_class=&#8221;sidebar&#8221;][vc_widget_sidebar sidebar_id=&#8221;home_2&#8243;]<aside class=\"gap cf\" style=\"height:30px;\"><\/aside>[\/vc_column][\/vc_row][vc_row][vc_column][vc_column_text]TopSpeles pied\u0101v\u0101 lielako Latvijas kazino izv\u0113li <a href=\"https:\/\/www.topspeles.com\/kazino\/olybet-lv\/\">olybet.lv<\/a>![\/vc_column_text][\/vc_column][\/vc_row]<\/p>\n","protected":false},"excerpt":{"rendered":"<p>[vc_row][vc_column][vc_column_text] [\/vc_column_text][\/vc_column][\/vc_row][vc_row equal_height=&#8221;true&#8221;][vc_column width=&#8221;2\/3&#8243;][vc_row_inner][vc_column_inner width=&#8221;1\/2&#8243;][\/vc_column_inner][vc_column_inner width=&#8221;1\/2&#8243;][\/vc_column_inner][\/vc_row_inner][\/vc_column][vc_column width=&#8221;1\/3&#8243; fixed=&#8221;true&#8221;][\/vc_column][\/vc_row][vc_row][vc_column][vc_column_text] Popul\u0101r\u0101kais [\/vc_column_text][\/vc_column][\/vc_row][vc_row equal_height=&#8221;true&#8221;][vc_column width=&#8221;2\/3&#8243;][\/vc_column][vc_column width=&#8221;1\/3&#8243; fixed=&#8221;true&#8221; el_class=&#8221;sidebar&#8221;][vc_widget_sidebar sidebar_id=&#8221;home_2&#8243;][\/vc_column][\/vc_row][vc_row][vc_column][vc_column_text]TopSpeles pied\u0101v\u0101 lielako Latvijas kazino izv\u0113li olybet.lv![\/vc_column_text][\/vc_column][\/vc_row]<\/p>\n","protected":false},"author":5,"featured_media":0,"parent":0,"menu_order":0,"comment_status":"closed","ping_status":"closed","template":"","meta":[],"aioseo_notices":[],"amp_enabled":false,"_links":{"self":[{"href":"https:\/\/sportaspeles.com\/et\/wp-json\/wp\/v2\/pages\/818"}],"collection":[{"href":"https:\/\/sportaspeles.com\/et\/wp-json\/wp\/v2\/pages"}],"about":[{"href":"https:\/\/sportaspeles.com\/et\/wp-json\/wp\/v2\/types\/page"}],"author":[{"embeddable":true,"href":"https:\/\/sportaspeles.com\/et\/wp-json\/wp\/v2\/users\/5"}],"replies":[{"embeddable":true,"href":"https:\/\/sportaspeles.com\/et\/wp-json\/wp\/v2\/comments?post=818"}],"version-history":[{"count":0,"href":"https:\/\/sportaspeles.com\/et\/wp-json\/wp\/v2\/pages\/818\/revisions"}],"wp:attachment":[{"href":"https:\/\/sportaspeles.com\/et\/wp-json\/wp\/v2\/media?parent=818"}],"curies":[{"name":"wp","href":"https:\/\/api.w.org\/{rel}","templated":true}]}}